{"id":2795,"date":"2023-02-17T19:09:19","date_gmt":"2023-02-18T21:35:18","guid":{"rendered":"https:\/\/www.cozyappart.com\/produit\/%d0%b5%d0%bb%d0%bb%d1%96%d0%bd%d0%b3%d1%82%d0%be%d0%bd-%d0%b1%d1%96%d1%87-%d1%85%d0%b0%d1%83%d1%81\/"},"modified":"2023-02-18T22:35:18","modified_gmt":"2023-02-18T21:35:18","slug":"%d0%b5%d0%bb%d0%bb%d1%96%d0%bd%d0%b3%d1%82%d0%be%d0%bd-%d0%b1%d1%96%d1%87-%d1%85%d0%b0%d1%83%d1%81","status":"publish","type":"product","link":"https:\/\/www.cozyappart.com\/uk\/produit\/%d0%b5%d0%bb%d0%bb%d1%96%d0%bd%d0%b3%d1%82%d0%be%d0%bd-%d0%b1%d1%96%d1%87-%d1%85%d0%b0%d1%83%d1%81\/","title":{"rendered":"\u0415\u041b\u041b\u0406\u041d\u0413\u0422\u041e\u041d-\u0411\u0406\u0427-\u0425\u0410\u0423\u0421"},"content":{"rendered":"<p>Le nouveau complexe ultra-luxueux Ellington BeachHouse est situ\u00e9 sur le c\u00e9l\u00e8bre Palm Jumeirah. Les appartements \u00e9l\u00e9gants de 1 \u00e0 3 chambres ainsi que les penthouses offrent des finitions exceptionnelles et une vue panoramique sur le golfe arabe et l&#8217;horizon de Duba\u00ef. Gr\u00e2ce \u00e0 son emplacement unique \u00e0 quelques pas de la plage de sable blanc, des \u00e9quipements de vill\u00e9giature et son design \u00e9poustouflant alliant fonctionnalit\u00e9 et r\u00e9sidences, Ellington BeachHouse est l&#8217;endroit id\u00e9al pour vivre dans le luxe au bord de la mer. Ce projet en propri\u00e9t\u00e9 libre est accessible \u00e0 l&#8217;achat pour les citoyens de tous les pays du monde, et les investisseurs \u00e9trangers b\u00e9n\u00e9ficieront d&#8217;un droit d&#8217;obtention de visa de r\u00e9sidence de 10 ans pour eux-m\u00eames et leur famille.<\/p>\n","protected":false},"excerpt":{"rendered":"<p>\u041c\u0430\u0439\u0431\u0443\u0442\u043d\u0454 \u043d\u0430\u043b\u0435\u0436\u0438\u0442\u044c \u0442\u0438\u043c, \u0445\u0442\u043e \u0432\u0456\u0440\u0438\u0442\u044c \u0443 \u043a\u0440\u0430\u0441\u0443 \u0441\u0432\u043e\u0457\u0445 \u043c\u0440\u0456\u0439.<\/p>\n","protected":false},"featured_media":4679,"template":"","meta":[],"product_brand":[],"product_cat":[189,179],"product_tag":[],"class_list":{"0":"post-2795","1":"product","2":"type-product","3":"status-publish","4":"has-post-thumbnail","6":"product_cat--uk","7":"product_cat-179","9":"first","10":"instock","11":"shipping-taxable","12":"product-type-simple"},"_links":{"self":[{"href":"https:\/\/www.cozyappart.com\/uk\/wp-json\/wp\/v2\/product\/2795","targetHints":{"allow":["GET"]}}],"collection":[{"href":"https:\/\/www.cozyappart.com\/uk\/wp-json\/wp\/v2\/product"}],"about":[{"href":"https:\/\/www.cozyappart.com\/uk\/wp-json\/wp\/v2\/types\/product"}],"wp:featuredmedia":[{"embeddable":true,"href":"https:\/\/www.cozyappart.com\/uk\/wp-json\/wp\/v2\/media\/4679"}],"wp:attachment":[{"href":"https:\/\/www.cozyappart.com\/uk\/wp-json\/wp\/v2\/media?parent=2795"}],"wp:term":[{"taxonomy":"product_brand","embeddable":true,"href":"https:\/\/www.cozyappart.com\/uk\/wp-json\/wp\/v2\/product_brand?post=2795"},{"taxonomy":"product_cat","embeddable":true,"href":"https:\/\/www.cozyappart.com\/uk\/wp-json\/wp\/v2\/product_cat?post=2795"},{"taxonomy":"product_tag","embeddable":true,"href":"https:\/\/www.cozyappart.com\/uk\/wp-json\/wp\/v2\/product_tag?post=2795"}],"curies":[{"name":"wp","href":"https:\/\/api.w.org\/{rel}","templated":true}]}}