{"id":3110,"date":"2023-02-19T00:18:04","date_gmt":"2023-02-19T10:46:34","guid":{"rendered":"https:\/\/www.cozyappart.com\/produit\/vincitore-benessere\/"},"modified":"2023-02-21T23:33:09","modified_gmt":"2023-02-21T22:33:09","slug":"vincitore-benessere","status":"publish","type":"product","link":"https:\/\/www.cozyappart.com\/en\/produit\/vincitore-benessere\/","title":{"rendered":"VINCITORE BENESSERE"},"content":{"rendered":"<p>Le projet VincitoreBenessere est un appartement boutique de luxe con\u00e7u par Vincitore Real Estate Development. Situ\u00e9 dans un endroit unique \u00e0 Duba\u00ef, le projet Benessere pr\u00e9sente le plus grand avantage : chaque appartement est con\u00e7u de mani\u00e8re \u00e0 offrir une vue unique sur le jardin des miracles et le jardin des papillons. Il fait revivre l&#8217;architecture classique de l&#8217;\u00e9poque romaine avec des \u00e9quipements luxueux con\u00e7us pour le divertissement, la sant\u00e9 et la relaxation. S&#8217;\u00e9tendant sur 9 300 m\u00e8tres carr\u00e9s, la plate-forme de loisirs monolithique offre un environnement lagunaire enchanteur avec des grottes et des cascades en pierre con\u00e7ues pour recr\u00e9er une symphonie naturelle. En outre, les infrastructures ultramodernes, les innombrables destinations commerciales, la vie nocturne passionnante de Vincitore Benessere et les 8 % de la valeur de la propri\u00e9t\u00e9 garantis par le promoteur attirent les investisseurs du monde entier.<\/p>\n","protected":false},"excerpt":{"rendered":"<p>Les charmants appartements-boutiques VincitoreBessere \u00e0 Duba\u00ef sont un projet de luxe \u00e0 l&#8217;architecture classique de l&#8217;\u00e9poque romaine et offrant des vues in\u00e9gal\u00e9es sur le jardin des miracles et le jardin des papillons. Ils proposent des \u00e9quipements de divertissement, de sant\u00e9 et de loisirs et une plateforme monolithique de 9 300 m\u00b2. pour un plongeon dans la symphonie de la nature.<\/p>\n","protected":false},"featured_media":4329,"template":"","meta":[],"product_brand":[],"product_cat":[185,126],"product_tag":[],"class_list":{"0":"post-3110","1":"product","2":"type-product","3":"status-publish","4":"has-post-thumbnail","6":"product_cat-appartements","7":"product_cat-maison","9":"first","10":"instock","11":"shipping-taxable","12":"product-type-simple"},"_links":{"self":[{"href":"https:\/\/www.cozyappart.com\/en\/wp-json\/wp\/v2\/product\/3110","targetHints":{"allow":["GET"]}}],"collection":[{"href":"https:\/\/www.cozyappart.com\/en\/wp-json\/wp\/v2\/product"}],"about":[{"href":"https:\/\/www.cozyappart.com\/en\/wp-json\/wp\/v2\/types\/product"}],"wp:featuredmedia":[{"embeddable":true,"href":"https:\/\/www.cozyappart.com\/en\/wp-json\/wp\/v2\/media\/4329"}],"wp:attachment":[{"href":"https:\/\/www.cozyappart.com\/en\/wp-json\/wp\/v2\/media?parent=3110"}],"wp:term":[{"taxonomy":"product_brand","embeddable":true,"href":"https:\/\/www.cozyappart.com\/en\/wp-json\/wp\/v2\/product_brand?post=3110"},{"taxonomy":"product_cat","embeddable":true,"href":"https:\/\/www.cozyappart.com\/en\/wp-json\/wp\/v2\/product_cat?post=3110"},{"taxonomy":"product_tag","embeddable":true,"href":"https:\/\/www.cozyappart.com\/en\/wp-json\/wp\/v2\/product_tag?post=3110"}],"curies":[{"name":"wp","href":"https:\/\/api.w.org\/{rel}","templated":true}]}}