{"id":2828,"date":"2023-02-17T19:09:19","date_gmt":"2023-02-18T21:36:07","guid":{"rendered":"https:\/\/www.cozyappart.com\/produit\/ellington-beach-house\/"},"modified":"2023-02-18T22:36:07","modified_gmt":"2023-02-18T21:36:07","slug":"ellington-beach-house","status":"publish","type":"product","link":"https:\/\/www.cozyappart.com\/en\/produit\/ellington-beach-house\/","title":{"rendered":"ELLINGTON BEACH HOUSE"},"content":{"rendered":"<p>Le nouveau complexe ultra-luxueux Ellington BeachHouse est situ\u00e9 sur le c\u00e9l\u00e8bre Palm Jumeirah. The apartments are elegant with 1 to 3 rooms, as well as the penthouses offer exceptional finishes and a panoramic view of the Arabian Gulf and the skyline of Duba\u00ef. Gr\u00e2ce \u00e0 son emplacement unique \u00e0 quelques pas de la plage de sable blanc, des \u00e9quipements de vill\u00e9giature et son design \u00e9poustouflant alliant fonctionnalit\u00e9 et r\u00e9sidences, Ellington BeachHouse is l&#8217;endroit id\u00e9al pour livre dans luxe au bord de la mer. This free-ownership project is available for sale to residents from all over the world, and foreign investors are entitled to a 10-year residence permit for both men and their families.<\/p>\n","protected":false},"excerpt":{"rendered":"<p>The future belongs to those who believe in the beauty of their dreams.<\/p>\n","protected":false},"featured_media":4677,"template":"","meta":[],"product_brand":[],"product_cat":[188,180],"product_tag":[],"class_list":{"0":"post-2828","1":"product","2":"type-product","3":"status-publish","4":"has-post-thumbnail","6":"product_cat-apartments-en","7":"product_cat-home","9":"first","10":"instock","11":"shipping-taxable","12":"product-type-simple"},"_links":{"self":[{"href":"https:\/\/www.cozyappart.com\/en\/wp-json\/wp\/v2\/product\/2828","targetHints":{"allow":["GET"]}}],"collection":[{"href":"https:\/\/www.cozyappart.com\/en\/wp-json\/wp\/v2\/product"}],"about":[{"href":"https:\/\/www.cozyappart.com\/en\/wp-json\/wp\/v2\/types\/product"}],"wp:featuredmedia":[{"embeddable":true,"href":"https:\/\/www.cozyappart.com\/en\/wp-json\/wp\/v2\/media\/4677"}],"wp:attachment":[{"href":"https:\/\/www.cozyappart.com\/en\/wp-json\/wp\/v2\/media?parent=2828"}],"wp:term":[{"taxonomy":"product_brand","embeddable":true,"href":"https:\/\/www.cozyappart.com\/en\/wp-json\/wp\/v2\/product_brand?post=2828"},{"taxonomy":"product_cat","embeddable":true,"href":"https:\/\/www.cozyappart.com\/en\/wp-json\/wp\/v2\/product_cat?post=2828"},{"taxonomy":"product_tag","embeddable":true,"href":"https:\/\/www.cozyappart.com\/en\/wp-json\/wp\/v2\/product_tag?post=2828"}],"curies":[{"name":"wp","href":"https:\/\/api.w.org\/{rel}","templated":true}]}}